{"id":2991,"date":"2024-06-03T12:38:30","date_gmt":"2024-06-03T10:38:30","guid":{"rendered":"https:\/\/ecol.it\/?post_type=product&#038;p=2991"},"modified":"2025-05-28T15:17:14","modified_gmt":"2025-05-28T13:17:14","slug":"fieno-greco","status":"publish","type":"product","link":"https:\/\/ecol.it\/en\/product\/fieno-greco\/","title":{"rendered":"Fieno Greco"},"content":{"rendered":"<p>TAVOLETTE: Fieno Greco semi e.s. 75%.<\/p>\n<hr \/>\n<p>ESTRATTO ANALCOLICO: Fieno Greco semi 50%.<\/p>\n","protected":false},"excerpt":{"rendered":"<p data-start=\"159\" data-end=\"226\">Stimolante metabolico, tonico e ricostituente. Il <strong data-start=\"231\" data-end=\"246\">Fieno Greco<\/strong> (<em data-start=\"248\" data-end=\"275\">Trigonella foenum-graecum<\/em>), noto fin dall\u2019antichit\u00e0 per le sue propriet\u00e0 ricostituenti, \u00e8 un rimedio naturale efficace per stimolare l\u2019appetito, favorire l\u2019aumento di peso e migliorare il tono generale dell\u2019organismo. I <strong data-start=\"470\" data-end=\"478\">semi<\/strong>, ricchi di <strong data-start=\"490\" data-end=\"502\">proteine<\/strong>, <strong data-start=\"504\" data-end=\"519\">fosfolipidi<\/strong>, <strong data-start=\"521\" data-end=\"533\">vitamine<\/strong>, <strong data-start=\"535\" data-end=\"547\">minerali<\/strong> e <strong data-start=\"550\" data-end=\"583\">principi attivi biofunzionali<\/strong>, agiscono su pi\u00f9 livelli del metabolismo, rendendolo ideale nei casi di <strong data-start=\"656\" data-end=\"667\">astenia<\/strong>, <strong data-start=\"669\" data-end=\"686\">convalescenza<\/strong>, <strong data-start=\"688\" data-end=\"715\">magrezza costituzionale<\/strong> o da <strong data-start=\"721\" data-end=\"738\">malnutrizione<\/strong>.<\/p>\n<hr class=\"\" data-start=\"741\" data-end=\"744\" \/>\n<ul>\n<li data-start=\"787\" data-end=\"1058\"><strong data-start=\"790\" data-end=\"829\">Azione anabolica e tonico-nutriente. <\/strong>Stimola l\u2019attivit\u00e0 neuromuscolare, la sintesi proteica e la formazione ossea. \u00c8 indicato in soggetti magri o debilitati, aiutando a <strong data-start=\"964\" data-end=\"999\">recuperare peso e forze fisiche<\/strong>, grazie anche al suo <strong data-start=\"1021\" data-end=\"1057\">alto valore calorico e biologico<\/strong>.<\/li>\n<li data-start=\"787\" data-end=\"1058\"><strong data-start=\"1063\" data-end=\"1081\">Tonico nervoso. <\/strong>I <strong data-start=\"1086\" data-end=\"1101\">fosfolipidi<\/strong> presenti nei semi favoriscono la <strong data-start=\"1135\" data-end=\"1157\">funzione cerebrale<\/strong> e migliorano la resistenza allo stress fisico e mentale.<\/li>\n<li data-start=\"787\" data-end=\"1058\"><strong data-start=\"1219\" data-end=\"1234\">Galattogogo. <\/strong>Favorisce la <strong data-start=\"1250\" data-end=\"1271\">secrezione lattea<\/strong> e ne migliora la <strong data-start=\"1289\" data-end=\"1315\">composizione nutritiva<\/strong> (proteine, lipidi, zuccheri, minerali, vitamine). Conferisce un <strong data-start=\"1380\" data-end=\"1414\">sapore caratteristico al latte<\/strong>.<\/li>\n<li data-start=\"787\" data-end=\"1058\"><strong data-start=\"1420\" data-end=\"1465\">Ipoglicemizzante e ipocolesterolemizzante. <\/strong>Contribuisce a ridurre <strong data-start=\"1491\" data-end=\"1503\">glicemia<\/strong> e <strong data-start=\"1506\" data-end=\"1529\">colesterolo ematico<\/strong>, supportando l\u2019equilibrio metabolico e <strong data-start=\"1569\" data-end=\"1592\">la funzione epatica<\/strong>.<\/li>\n<\/ul>\n<hr \/>\n<p class=\"\" data-start=\"1595\" data-end=\"1806\"><strong data-start=\"1598\" data-end=\"1613\">Uso esterno: <\/strong>il Fieno Greco, impiegato in cataplasmi, ha azione emolliente, disinfiammante e maturativa in presenza di <strong data-start=\"1738\" data-end=\"1749\">ascessi<\/strong>, <strong data-start=\"1751\" data-end=\"1764\">foruncoli<\/strong>, <strong data-start=\"1766\" data-end=\"1776\">eczemi<\/strong> e <strong data-start=\"1779\" data-end=\"1805\">indurimenti flogistici<\/strong>.<\/p>\n<hr class=\"\" data-start=\"1808\" data-end=\"1811\" \/>\n<p class=\"\" data-start=\"1813\" data-end=\"1843\"><strong>Perch\u00e9 scegliere Fieno Greco?<\/strong><\/p>\n<hr \/>\n<ul data-start=\"1844\" data-end=\"2071\">\n<li class=\"\" data-start=\"1844\" data-end=\"1869\">\n<p class=\"\" data-start=\"1846\" data-end=\"1869\">Astenia e convalescenza<\/p>\n<\/li>\n<li class=\"\" data-start=\"1870\" data-end=\"1914\">\n<p class=\"\" data-start=\"1872\" data-end=\"1914\">Magrezza costituzionale o da malnutrizione<\/p>\n<\/li>\n<li class=\"\" data-start=\"1915\" data-end=\"1979\">\n<p class=\"\" data-start=\"1917\" data-end=\"1979\">Allattamento (stimolo e miglioramento della qualit\u00e0 del latte)<\/p>\n<\/li>\n<li class=\"\" data-start=\"1980\" data-end=\"2014\">\n<p class=\"\" data-start=\"1982\" data-end=\"2014\">Iperglicemia, ipercolesterolemia<\/p>\n<\/li>\n<li class=\"\" data-start=\"2015\" data-end=\"2071\">\n<p class=\"\" data-start=\"2017\" data-end=\"2071\">Applicazioni esterne su pelle infiammata o suppurativa<\/p>\n<\/li>\n<\/ul>\n<p class=\"\" data-start=\"2073\" data-end=\"2100\">\ud83e\uddea <strong data-start=\"2076\" data-end=\"2097\">Componenti attivi<\/strong>:<\/p>\n<ul data-start=\"2101\" data-end=\"2243\">\n<li class=\"\" data-start=\"2101\" data-end=\"2138\">\n<p class=\"\" data-start=\"2103\" data-end=\"2138\">Proteine ad alto valore biologico<\/p>\n<\/li>\n<li class=\"\" data-start=\"2139\" data-end=\"2154\">\n<p class=\"\" data-start=\"2141\" data-end=\"2154\">Fosfolipidi<\/p>\n<\/li>\n<li class=\"\" data-start=\"2155\" data-end=\"2168\">\n<p class=\"\" data-start=\"2157\" data-end=\"2168\">Alcaloidi<\/p>\n<\/li>\n<li class=\"\" data-start=\"2169\" data-end=\"2191\">\n<p class=\"\" data-start=\"2171\" data-end=\"2191\">Vitamine (A, B, C)<\/p>\n<\/li>\n<li class=\"\" data-start=\"2192\" data-end=\"2229\">\n<p class=\"\" data-start=\"2194\" data-end=\"2229\">Minerali (ferro, calcio, fosforo)<\/p>\n<\/li>\n<li class=\"\" data-start=\"2230\" data-end=\"2243\">\n<p class=\"\" data-start=\"2232\" data-end=\"2243\">Mucillagini<\/p>\n<\/li>\n<\/ul>\n<hr \/>\n<p>CONTROINDICAZIONI: Ipersensibilit\u00e0 verso i singoli componenti.<\/p>\n","protected":false},"featured_media":12632,"comment_status":"open","ping_status":"closed","template":"","meta":{"_acf_changed":false,"_seopress_robots_primary_cat":"none","_seopress_titles_title":"","_seopress_titles_desc":"","_seopress_robots_index":""},"tipologia":[303,306],"product_brand":[],"product_cat":[45,107],"product_tag":[369,293,368,321,370],"class_list":{"0":"post-2991","1":"product","2":"type-product","3":"status-publish","4":"has-post-thumbnail","6":"tipologia-gocce","7":"tipologia-tavolette","8":"product_cat-ecol-catalogo","9":"product_cat-vitamine-e-minerali","10":"product_tag-allattamento","11":"product_tag-astenia","12":"product_tag-convalescenza","13":"product_tag-emorroidi","14":"product_tag-foruncoli","16":"first","17":"instock","18":"shipping-taxable","19":"purchasable","20":"product-type-variable"},"acf":[],"_links":{"self":[{"href":"https:\/\/ecol.it\/en\/wp-json\/wp\/v2\/product\/2991","targetHints":{"allow":["GET"]}}],"collection":[{"href":"https:\/\/ecol.it\/en\/wp-json\/wp\/v2\/product"}],"about":[{"href":"https:\/\/ecol.it\/en\/wp-json\/wp\/v2\/types\/product"}],"replies":[{"embeddable":true,"href":"https:\/\/ecol.it\/en\/wp-json\/wp\/v2\/comments?post=2991"}],"wp:featuredmedia":[{"embeddable":true,"href":"https:\/\/ecol.it\/en\/wp-json\/wp\/v2\/media\/12632"}],"wp:attachment":[{"href":"https:\/\/ecol.it\/en\/wp-json\/wp\/v2\/media?parent=2991"}],"wp:term":[{"taxonomy":"tipologia","embeddable":true,"href":"https:\/\/ecol.it\/en\/wp-json\/wp\/v2\/tipologia?post=2991"},{"taxonomy":"product_brand","embeddable":true,"href":"https:\/\/ecol.it\/en\/wp-json\/wp\/v2\/product_brand?post=2991"},{"taxonomy":"product_cat","embeddable":true,"href":"https:\/\/ecol.it\/en\/wp-json\/wp\/v2\/product_cat?post=2991"},{"taxonomy":"product_tag","embeddable":true,"href":"https:\/\/ecol.it\/en\/wp-json\/wp\/v2\/product_tag?post=2991"}],"curies":[{"name":"wp","href":"https:\/\/api.w.org\/{rel}","templated":true}]}}