{"id":2971,"date":"2024-06-03T12:11:49","date_gmt":"2024-06-03T10:11:49","guid":{"rendered":"https:\/\/ecol.it\/?post_type=product&#038;p=2971"},"modified":"2025-05-28T14:35:08","modified_gmt":"2025-05-28T12:35:08","slug":"ecovaleriana","status":"publish","type":"product","link":"https:\/\/ecol.it\/en\/product\/ecovaleriana\/","title":{"rendered":"EcoValeriana"},"content":{"rendered":"<div class=\"page\" title=\"Page 65\">\n<div class=\"section\">\n<div class=\"layoutArea\">\n<div class=\"column\">\n<p>TAVOLETTE: Valeriana radice e.s. 90%<\/p>\n<hr \/>\n<p>ESTRATTO ANALCOLICO: Valeriana radice 50%<\/p>\n<\/div>\n<\/div>\n<\/div>\n<\/div>\n","protected":false},"excerpt":{"rendered":"<p>Rilassamento profondo e sonno naturale. La <b>Valeriana<\/b> \u00e8 uno dei rimedi naturali pi\u00f9 noti per favorire il rilassamento e migliorare la qualit\u00e0 del sonno, con effetti benefici anche su ansia, stress e disturbi gastrointestinali di origine nervosa.<\/p>\n<hr \/>\n<ul>\n<li><b>Riequilibrio del sistema nervoso centrale. <\/b>Agisce in modo adattogeno: <b>sedativa in caso di agitazione<\/b>, <b>stimolante in situazioni di forte stanchezza<\/b> mentale e fisica<\/li>\n<li><b>Migliora il sonno naturalmente. <\/b>Riduce il <b>tempo di addormentamento<\/b>, migliora la <b>qualit\u00e0 del sonno<\/b> senza causare stordimento o astenia al risveglio<\/li>\n<li><b>Azione ansiolitica e calmante. <\/b>Utile in caso di <b>stress, ansia<\/b>, <b>agitazione motoria<\/b>, <b>neurastenia<\/b>, e <b>cefalee<\/b> di origine nervosa<\/li>\n<li><b>Supporto digestivo e cardiovascolare. <\/b>Esplica attivit\u00e0 <b>antispasmodica<\/b> su coliche e spasmi gastrici, <b>rilassa la muscolatura intestinale<\/b>, ha <b>effetto coleretico<\/b> e contribuisce a <b>ridurre la pressione sanguigna<\/b><\/li>\n<\/ul>\n<hr \/>\n<p><b>Indicazioni principali:<\/b><\/p>\n<hr \/>\n<ul>\n<li>Insonnia e difficolt\u00e0 nell\u2019addormentamento<\/li>\n<li>Stress e ansia<\/li>\n<li>Cefalee e dolori di origine nervosa<\/li>\n<li>Spasmi gastrici e colici<\/li>\n<li>Agitazione e affaticamento psicofisico<\/li>\n<\/ul>\n<hr \/>\n<p>CONTROINDICAZIONI: Ipersensibilit\u00e0 verso i singoli componenti. La somministrazione \u00e8 controindicata in gravidanza e allattamento.<\/p>\n","protected":false},"featured_media":12592,"comment_status":"open","ping_status":"closed","template":"","meta":{"_acf_changed":false,"_seopress_robots_primary_cat":"none","_seopress_titles_title":"","_seopress_titles_desc":"","_seopress_robots_index":""},"tipologia":[303,306],"product_brand":[],"product_cat":[45,106],"product_tag":[174,175,341,299],"class_list":{"0":"post-2971","1":"product","2":"type-product","3":"status-publish","4":"has-post-thumbnail","6":"tipologia-gocce","7":"tipologia-tavolette","8":"product_cat-ecol-catalogo","9":"product_cat-sistema-nervoso-insonnia","10":"product_tag-ansia","11":"product_tag-insonnia","12":"product_tag-sedativo","13":"product_tag-stress","15":"first","16":"instock","17":"shipping-taxable","18":"purchasable","19":"product-type-variable"},"acf":[],"_links":{"self":[{"href":"https:\/\/ecol.it\/en\/wp-json\/wp\/v2\/product\/2971","targetHints":{"allow":["GET"]}}],"collection":[{"href":"https:\/\/ecol.it\/en\/wp-json\/wp\/v2\/product"}],"about":[{"href":"https:\/\/ecol.it\/en\/wp-json\/wp\/v2\/types\/product"}],"replies":[{"embeddable":true,"href":"https:\/\/ecol.it\/en\/wp-json\/wp\/v2\/comments?post=2971"}],"wp:featuredmedia":[{"embeddable":true,"href":"https:\/\/ecol.it\/en\/wp-json\/wp\/v2\/media\/12592"}],"wp:attachment":[{"href":"https:\/\/ecol.it\/en\/wp-json\/wp\/v2\/media?parent=2971"}],"wp:term":[{"taxonomy":"tipologia","embeddable":true,"href":"https:\/\/ecol.it\/en\/wp-json\/wp\/v2\/tipologia?post=2971"},{"taxonomy":"product_brand","embeddable":true,"href":"https:\/\/ecol.it\/en\/wp-json\/wp\/v2\/product_brand?post=2971"},{"taxonomy":"product_cat","embeddable":true,"href":"https:\/\/ecol.it\/en\/wp-json\/wp\/v2\/product_cat?post=2971"},{"taxonomy":"product_tag","embeddable":true,"href":"https:\/\/ecol.it\/en\/wp-json\/wp\/v2\/product_tag?post=2971"}],"curies":[{"name":"wp","href":"https:\/\/api.w.org\/{rel}","templated":true}]}}