{"id":2954,"date":"2024-05-31T11:51:36","date_gmt":"2024-05-31T09:51:36","guid":{"rendered":"https:\/\/ecol.it\/?post_type=product&#038;p=2954"},"modified":"2025-05-27T13:41:13","modified_gmt":"2025-05-27T11:41:13","slug":"ecosalvia","status":"publish","type":"product","link":"https:\/\/ecol.it\/en\/product\/ecosalvia\/","title":{"rendered":"EcoSalvia"},"content":{"rendered":"<p>Tavolette: Salvia foglie e.s. 90%<\/p>\n<hr \/>\n<p>Estratto analcolico: Salvia foglie 50%<\/p>\n","protected":false},"excerpt":{"rendered":"<p>Versatile e benefica per il benessere generale. La <b>Salvia<\/b> (Salvia officinalis) \u00e8 una pianta dalle numerose propriet\u00e0 terapeutiche, impiegata da secoli per trattare varie problematiche. Grazie alle sue molteplici azioni, \u00e8 particolarmente utile per il <strong>sistema digestivo, la regolazione ormonale <\/strong>e la gestione dei disturbi legati alla <strong>pelle e alla sudorazione.<\/strong><\/p>\n<hr \/>\n<ul>\n<li>Azione tonica e stimolante\n<ul>\n<li>Ideale per contrastare <strong>l\u2019affaticamento fisico e mentale<\/strong>, stimolando la digestione e migliorando la funzionalit\u00e0 intestinale<\/li>\n<li>Efficace nelle dispepsie, <strong>lentezza digestiva<\/strong> e sensazioni di pesantezza epigastrica<\/li>\n<\/ul>\n<\/li>\n<li>Azione antidrotica e regolatrice del sudore: utile per combattere l\u2019<strong>iperidrosi psicosomatica<\/strong>, riducendo la <strong>sudorazione eccessiva<\/strong> in situazioni di stress<\/li>\n<li>Antiossidante e antimicrobica\n<ul>\n<li>Grazie all\u2019acido rosmarinico e ai diterpeni, offre una potente protezione contro i r<strong>adicali liberi<\/strong> e rinforza le difese naturali dell\u2019organismo<\/li>\n<li>Combatte infezioni e sostiene la salute generale grazie alla sua attivit\u00e0 antimicrobica<\/li>\n<\/ul>\n<\/li>\n<li><b>Regolazione del flusso mestruale e salute ormonale<\/b>\n<ul>\n<li>Efficace nel calmare i disturbi legati al <strong>ciclo mestruale<\/strong>, come il dolore e la pesantezza<\/li>\n<li>Utilizzata anche per gestire i sintomi della <strong>menopausa<\/strong> e contrastare l\u2019alopecia nelle donne in menopausa<\/li>\n<\/ul>\n<\/li>\n<\/ul>\n<hr \/>\n<p><b>Indicazioni principali:<\/b><\/p>\n<hr \/>\n<ul>\n<li>Disturbi digestivi, come lentezza digestiva, meteorismo e flatulenza<\/li>\n<li>Iperidrosi psicosomatica (sudorazione eccessiva)<\/li>\n<li>Regolazione del flusso mestruale e disturbi legati alla menopausa<\/li>\n<li>Calmare le reazioni dolorose durante il ciclo mestruale<\/li>\n<li>Alopecia nelle donne in menopausa<\/li>\n<\/ul>\n<hr \/>\n<p>CONTROINDICAZIONI: ipersensibilit\u00e0 verso i singoli componenti. La somministrazione \u00e8 controindicata in gravidanza e allattamento.<\/p>\n","protected":false},"featured_media":12579,"comment_status":"open","ping_status":"closed","template":"","meta":{"_acf_changed":false,"_seopress_robots_primary_cat":"none","_seopress_titles_title":"","_seopress_titles_desc":"","_seopress_robots_index":""},"tipologia":[303,306],"product_brand":[],"product_cat":[45,115],"product_tag":[344,264,256,345,348],"class_list":{"0":"post-2954","1":"product","2":"type-product","3":"status-publish","4":"has-post-thumbnail","6":"tipologia-gocce","7":"tipologia-tavolette","8":"product_cat-ecol-catalogo","9":"product_cat-apparato-urogenitale-linea-donna","10":"product_tag-amenorrea","11":"product_tag-dismenorrea","12":"product_tag-donna","13":"product_tag-equilibrio-ormonale","14":"product_tag-iperidrosi","16":"first","17":"instock","18":"shipping-taxable","19":"purchasable","20":"product-type-variable"},"acf":[],"_links":{"self":[{"href":"https:\/\/ecol.it\/en\/wp-json\/wp\/v2\/product\/2954","targetHints":{"allow":["GET"]}}],"collection":[{"href":"https:\/\/ecol.it\/en\/wp-json\/wp\/v2\/product"}],"about":[{"href":"https:\/\/ecol.it\/en\/wp-json\/wp\/v2\/types\/product"}],"replies":[{"embeddable":true,"href":"https:\/\/ecol.it\/en\/wp-json\/wp\/v2\/comments?post=2954"}],"wp:featuredmedia":[{"embeddable":true,"href":"https:\/\/ecol.it\/en\/wp-json\/wp\/v2\/media\/12579"}],"wp:attachment":[{"href":"https:\/\/ecol.it\/en\/wp-json\/wp\/v2\/media?parent=2954"}],"wp:term":[{"taxonomy":"tipologia","embeddable":true,"href":"https:\/\/ecol.it\/en\/wp-json\/wp\/v2\/tipologia?post=2954"},{"taxonomy":"product_brand","embeddable":true,"href":"https:\/\/ecol.it\/en\/wp-json\/wp\/v2\/product_brand?post=2954"},{"taxonomy":"product_cat","embeddable":true,"href":"https:\/\/ecol.it\/en\/wp-json\/wp\/v2\/product_cat?post=2954"},{"taxonomy":"product_tag","embeddable":true,"href":"https:\/\/ecol.it\/en\/wp-json\/wp\/v2\/product_tag?post=2954"}],"curies":[{"name":"wp","href":"https:\/\/api.w.org\/{rel}","templated":true}]}}