{"id":12514,"date":"2025-05-11T21:06:00","date_gmt":"2025-05-11T19:06:00","guid":{"rendered":"https:\/\/ecol.it\/?post_type=product&#038;p=12514"},"modified":"2025-05-27T12:47:57","modified_gmt":"2025-05-27T10:47:57","slug":"ecocastagno-gemme-2","status":"publish","type":"product","link":"https:\/\/ecol.it\/en\/product\/ecocastagno-gemme-2\/","title":{"rendered":"EcoCastagno Gemme"},"content":{"rendered":"<p>MACERATO GLICERINATO ANALCOLICO: Castagno gemme 50%<\/p>\n","protected":false},"excerpt":{"rendered":"<p data-start=\"121\" data-end=\"179\">Drenaggio linfatico e sostegno venoso. <strong>EcoCastagno Gemme<\/strong>, ottenuto dalle gemme di Castagno (Castanea vesca), \u00e8 un rimedio naturale con marcata attivit\u00e0 su sistema linfatico, circolazione venosa degli arti inferiori, capillari e tonicit\u00e0 vascolare.<\/p>\n<hr \/>\n<ul>\n<li data-start=\"444\" data-end=\"492\">Drenaggio linfatico e circolazione venosa: indicato elettivamente nella <strong>stasi linfatica<\/strong>, soprattutto degli <strong data-start=\"563\" data-end=\"581\">arti inferiori<\/strong><\/li>\n<li class=\"\" data-start=\"582\" data-end=\"780\">\n<p class=\"\" data-start=\"584\" data-end=\"602\">Utile nei casi di edemi declivi<strong> e gonfiori alle gambe, v<\/strong><strong data-start=\"651\" data-end=\"674\">arici e varicosit\u00e0, t<\/strong><strong data-start=\"679\" data-end=\"696\">romboflebiti, <\/strong>sensazione di <strong data-start=\"701\" data-end=\"732\">gambe pesanti e c<\/strong><strong data-start=\"737\" data-end=\"780\">rampi notturni <\/strong>da insufficienza venosa<\/p>\n<\/li>\n<li class=\"\" data-start=\"582\" data-end=\"780\">\n<p class=\"\" data-start=\"584\" data-end=\"602\">Azione coadiuvante nel linfedema: utile nel <strong data-start=\"834\" data-end=\"877\">linfedema del braccio post-mastectomia<\/strong>, come <strong data-start=\"884\" data-end=\"905\">sostegno drenante<\/strong> nel recupero post-operatorio<\/p>\n<\/li>\n<li class=\"\" data-start=\"582\" data-end=\"780\">\n<p class=\"\" data-start=\"584\" data-end=\"602\">Supporto contro la <strong>cellulite<\/strong>: agisce sul <strong data-start=\"985\" data-end=\"1007\">ristagno linfatico<\/strong>, migliorando il microcircolo cutaneo e favorendo il <strong data-start=\"1060\" data-end=\"1090\">riassorbimento dei liquidi<\/strong><\/p>\n<\/li>\n<\/ul>\n<ul>\n<li data-start=\"1092\" data-end=\"1119\">Protezione vascolare: rafforza le <strong data-start=\"1134\" data-end=\"1154\">pareti capillari<\/strong>, migliorando la <strong data-start=\"1171\" data-end=\"1194\">fragilit\u00e0 vascolare<\/strong><\/li>\n<li data-start=\"1092\" data-end=\"1119\">Possibile azione <strong data-start=\"1214\" data-end=\"1262\">capillaroprotettrice anche a livello uterino<\/strong>, utile nei disturbi circolatori della menopausa<\/li>\n<\/ul>\n<hr class=\"\" data-start=\"1312\" data-end=\"1315\" \/>\n<p class=\"\" data-start=\"1317\" data-end=\"1362\"><b>Utile in caso di:\u00a0<\/b><\/p>\n<hr \/>\n<ul data-start=\"1363\" data-end=\"1574\">\n<li class=\"\" data-start=\"1363\" data-end=\"1409\">\n<p class=\"\" data-start=\"1365\" data-end=\"1409\">Insufficienza venosa e linfatica cronica<\/p>\n<\/li>\n<li class=\"\" data-start=\"1410\" data-end=\"1445\">\n<p class=\"\" data-start=\"1412\" data-end=\"1445\">Cellulite e ritenzione idrica<\/p>\n<\/li>\n<li class=\"\" data-start=\"1446\" data-end=\"1476\">\n<p class=\"\" data-start=\"1448\" data-end=\"1476\">Gambe gonfie e doloranti<\/p>\n<\/li>\n<li class=\"\" data-start=\"1477\" data-end=\"1517\">\n<p class=\"\" data-start=\"1479\" data-end=\"1517\">Turbe circolatorie della menopausa<\/p>\n<\/li>\n<li class=\"\" data-start=\"1518\" data-end=\"1574\">\n<p class=\"\" data-start=\"1520\" data-end=\"1574\">Recupero post-mastectomia (linfoedema del braccio)<\/p>\n<\/li>\n<\/ul>\n<hr \/>\n<p>CONTROINDICAZIONI: Ipersensibilit\u00e0 verso i singoli componenti. La somministrazione \u00e8 controindicata in gravidanza e allattamento.<\/p>\n","protected":false},"featured_media":12469,"comment_status":"open","ping_status":"closed","template":"","meta":{"_acf_changed":false,"_seopress_robots_primary_cat":"none","_seopress_titles_title":"","_seopress_titles_desc":"","_seopress_robots_index":""},"tipologia":[303],"product_brand":[],"product_cat":[45,79],"product_tag":[321,340,339],"class_list":{"0":"post-12514","1":"product","2":"type-product","3":"status-publish","4":"has-post-thumbnail","6":"tipologia-gocce","7":"product_cat-ecol-catalogo","8":"product_cat-apparato-cardio-circolatorio","9":"product_tag-emorroidi","10":"product_tag-gambe-pesanti","11":"product_tag-stasi-linfatica","13":"first","14":"instock","15":"shipping-taxable","16":"purchasable","17":"product-type-variable"},"acf":[],"_links":{"self":[{"href":"https:\/\/ecol.it\/en\/wp-json\/wp\/v2\/product\/12514","targetHints":{"allow":["GET"]}}],"collection":[{"href":"https:\/\/ecol.it\/en\/wp-json\/wp\/v2\/product"}],"about":[{"href":"https:\/\/ecol.it\/en\/wp-json\/wp\/v2\/types\/product"}],"replies":[{"embeddable":true,"href":"https:\/\/ecol.it\/en\/wp-json\/wp\/v2\/comments?post=12514"}],"wp:featuredmedia":[{"embeddable":true,"href":"https:\/\/ecol.it\/en\/wp-json\/wp\/v2\/media\/12469"}],"wp:attachment":[{"href":"https:\/\/ecol.it\/en\/wp-json\/wp\/v2\/media?parent=12514"}],"wp:term":[{"taxonomy":"tipologia","embeddable":true,"href":"https:\/\/ecol.it\/en\/wp-json\/wp\/v2\/tipologia?post=12514"},{"taxonomy":"product_brand","embeddable":true,"href":"https:\/\/ecol.it\/en\/wp-json\/wp\/v2\/product_brand?post=12514"},{"taxonomy":"product_cat","embeddable":true,"href":"https:\/\/ecol.it\/en\/wp-json\/wp\/v2\/product_cat?post=12514"},{"taxonomy":"product_tag","embeddable":true,"href":"https:\/\/ecol.it\/en\/wp-json\/wp\/v2\/product_tag?post=12514"}],"curies":[{"name":"wp","href":"https:\/\/api.w.org\/{rel}","templated":true}]}}