{"id":12278,"date":"2025-05-07T15:09:53","date_gmt":"2025-05-07T13:09:53","guid":{"rendered":"https:\/\/ecol.it\/?post_type=product&#038;p=12278"},"modified":"2025-05-29T11:08:00","modified_gmt":"2025-05-29T09:08:00","slug":"new-henavex","status":"publish","type":"product","link":"https:\/\/ecol.it\/en\/product\/new-henavex\/","title":{"rendered":"New Henavex"},"content":{"rendered":"<p>TAVOLETTE: Amamelide foglie e.s.25%, Centella asiatica foglie e.s. 25%, Vite rossa foglie 15%, Ginkgo Biloba foglie 15%, Mirtillo nero bacche e.s. 7%, Pepe Cajenna frutti 7%.<span class=\"Apple-converted-space\">\u00a0<\/span><\/p>\n<hr \/>\n<p>ESTRATTO ANALCOLICO: Amamelide foglie 10%, Centella Asiatica foglie 10%, Vite rossa foglie 10%, Ginkgo Biloba foglie 10%, Mirtillo nero bacche 5%, Pepe Cajenna frutti 5%.<\/p>\n","protected":false},"excerpt":{"rendered":"<p>Microcircolo e tono venoso. <strong>New Henavex<\/strong> \u00e8 un integratore formulato per favorire il <strong>benessere della circolazione venosa<\/strong> <strong>e del microcircolo<\/strong>, ideale nei casi di insufficienza venosa, fragilit\u00e0 capillare, sintomi emorroidari e disturbi legati alla stasi venosa. La sinergia tra estratti vegetali selezionati consente un&#8217;azione vasoprotettrice, tonica e antiossidante, mirata a rafforzare i capillari, migliorare l&#8217;elasticit\u00e0 vasale e sostenere l\u2019equilibrio emodinamico.<\/p>\n<hr \/>\n<ul>\n<li>Amamelide: tonico-astringente con effetto vasoregolatore e vitamino P simile, utile nelle manifestazioni di <strong>insufficienza venosa<\/strong> e nella sintomatologia emorroidaria.<\/li>\n<li>Centella asiatica: migliora il trofismo vascolo-connettivale, stimola la sintesi di collagene e normalizza la crescita dei fibroblasti, favorendo la <strong>rigenerazione dei tessuti<\/strong> e prevenendo cicatrici anomale.<\/li>\n<li>Vite rossa: ricca in antocianosidi, svolge un\u2019attivit\u00e0 angioprotettiva\u00a0a livello del microcircolo, riducendo la permeabilit\u00e0 capillare e <strong>aumentando la resistenza vascolare.<\/strong><\/li>\n<li>Ginkgo biloba: <strong>migliora la microcircolazione periferica e cerebrale<\/strong>, indicato nelle turbe vascolari e nei disturbi da insufficiente ossigenazione tissutale.<\/li>\n<li>Mirtillo nero: elevato contenuto di antociani ad azione vasoprotettrice e vitamino P simile, che migliorano la <strong>resistenza capillare<\/strong> e riducono la permeabilit\u00e0 vascolare.<\/li>\n<\/ul>\n<hr \/>\n<p><strong>Perch\u00e9 scegliere New Henavex?<\/strong><\/p>\n<hr \/>\n<ul>\n<li>Insufficienza venosa cronica<\/li>\n<li>Fragilit\u00e0 capillare e pesantezza agli arti inferiori<\/li>\n<li>Emorroidi, varici, couperose<\/li>\n<li>Supporto alla microcircolazione cerebrale e periferica<\/li>\n<\/ul>\n<hr \/>\n<p><strong>New Henavex<\/strong> \u00e8 la risposta naturale per una circolazione pi\u00f9 attiva e capillari pi\u00f9 forti, con un\u2019azione profonda su elasticit\u00e0, tono e resistenza vasale.<\/p>\n<hr \/>\n<p>CONTROINDICAZIONI: Ipersensibilit\u00e0 verso i singoli componenti. Per la presenza del Ginkgo Biloba, se si stanno assumendo farmaci anticoagulanti o antiaggreganti piastrinici, consultare il medico prima di assumere il prodotto. Si sconsiglia l\u2019uso del prodotto in gravidanza e durante l\u2019allattamento.<\/p>\n","protected":false},"featured_media":12281,"comment_status":"open","ping_status":"closed","template":"","meta":{"_acf_changed":false,"_seopress_robots_primary_cat":"none","_seopress_titles_title":"","_seopress_titles_desc":"","_seopress_robots_index":""},"tipologia":[306],"product_brand":[],"product_cat":[45,79],"product_tag":[281,279,280],"class_list":{"0":"post-12278","1":"product","2":"type-product","3":"status-publish","4":"has-post-thumbnail","6":"tipologia-tavolette","7":"product_cat-ecol-catalogo","8":"product_cat-apparato-cardio-circolatorio","9":"product_tag-gambe","10":"product_tag-insufficienza-venosa","11":"product_tag-varici","13":"first","14":"instock","15":"shipping-taxable","16":"purchasable","17":"product-type-variable"},"acf":[],"_links":{"self":[{"href":"https:\/\/ecol.it\/en\/wp-json\/wp\/v2\/product\/12278","targetHints":{"allow":["GET"]}}],"collection":[{"href":"https:\/\/ecol.it\/en\/wp-json\/wp\/v2\/product"}],"about":[{"href":"https:\/\/ecol.it\/en\/wp-json\/wp\/v2\/types\/product"}],"replies":[{"embeddable":true,"href":"https:\/\/ecol.it\/en\/wp-json\/wp\/v2\/comments?post=12278"}],"wp:featuredmedia":[{"embeddable":true,"href":"https:\/\/ecol.it\/en\/wp-json\/wp\/v2\/media\/12281"}],"wp:attachment":[{"href":"https:\/\/ecol.it\/en\/wp-json\/wp\/v2\/media?parent=12278"}],"wp:term":[{"taxonomy":"tipologia","embeddable":true,"href":"https:\/\/ecol.it\/en\/wp-json\/wp\/v2\/tipologia?post=12278"},{"taxonomy":"product_brand","embeddable":true,"href":"https:\/\/ecol.it\/en\/wp-json\/wp\/v2\/product_brand?post=12278"},{"taxonomy":"product_cat","embeddable":true,"href":"https:\/\/ecol.it\/en\/wp-json\/wp\/v2\/product_cat?post=12278"},{"taxonomy":"product_tag","embeddable":true,"href":"https:\/\/ecol.it\/en\/wp-json\/wp\/v2\/product_tag?post=12278"}],"curies":[{"name":"wp","href":"https:\/\/api.w.org\/{rel}","templated":true}]}}