{"id":12273,"date":"2025-05-07T14:57:02","date_gmt":"2025-05-07T12:57:02","guid":{"rendered":"https:\/\/ecol.it\/?post_type=product&#038;p=12273"},"modified":"2025-05-28T14:37:19","modified_gmt":"2025-05-28T12:37:19","slug":"elicap","status":"publish","type":"product","link":"https:\/\/ecol.it\/en\/product\/elicap\/","title":{"rendered":"Elicap"},"content":{"rendered":"<p>Karcad\u00e8 fiori 8%, Sorbo degli uccellatori gemme m.g. 8%, Castagno gemme m.g. 8%, Bioflavonoidi da agrumi 8%, Rosa canina cinorrodi e.s. 8%, Lespedeza foglie 7%, Mirtillo nero bacche e.s. 7%, Ananas succo concentrato 6%, Cipresso bacche 6%, Centella Asiatica foglie 5%, Amamelide foglie e.s. 5%, Ginkgo Biloba foglie e.s. 5%, Rovere corteccia 5%, Rusco radice e.s. 4%, Vite rossa foglie 4%, Betulla foglie 3%.<\/p>\n","protected":false},"excerpt":{"rendered":"<p>Protezione Vascolare e Capillare Naturale. <strong>Elicap<\/strong> \u00e8 una formulazione fitoterapica mirata per il <strong>benessere del microcircolo <\/strong>e il rafforzamento della struttura vascolare, pensata per contrastare la <strong>fragilit\u00e0 capillare, i gonfiori<\/strong> e i segni visibili come <strong>couperose ed ecchimosi.<\/strong><\/p>\n<hr \/>\n<p>Grazie alla sinergia di estratti vegetali specifici, Elicap migliora l\u2019elasticit\u00e0 dei vasi sanguigni, riduce la permeabilit\u00e0 capillare e favorisce la produzione di collagene, contribuendo alla <strong>salute e alla tonicit\u00e0 del sistema vascolare.<\/strong><\/p>\n<hr \/>\n<ul>\n<li>Cipresso: tonico venoso, aiuta a rinforzare le pareti capillari e venose, <strong>migliorando il tono vascolare.<\/strong><\/li>\n<li>Centella asiatica: rinomata per la sua capacit\u00e0 di<strong> stimolare la sintesi di collagene<\/strong>, migliora l\u2019elasticit\u00e0 dei vasi e favorisce il microcircolo.<\/li>\n<li>Amamelide: ad azione vasocostrittrice e antinfiammatoria, <strong>riduce la permeabilit\u00e0 capillare<\/strong> e attenua i gonfiori.<\/li>\n<li>Rovere: favorisce la <strong>resistenza dei tessuti connettivi<\/strong>, contribuendo al consolidamento della parete vascolare.<\/li>\n<\/ul>\n<hr \/>\n<p><strong>Funzioni principali: <\/strong><\/p>\n<ul>\n<li>Rafforza e protegge i capillari e le vene<\/li>\n<li>Riduce gonfiori, arrossamenti ed ecchimosi<\/li>\n<li>Migliora l\u2019elasticit\u00e0 vascolare e stimola la sintesi di collagene<\/li>\n<li>Ideale in caso di couperose, fragilit\u00e0 capillare, insufficienza venosa<\/li>\n<\/ul>\n<hr \/>\n<p>Una formula naturale per capillari pi\u00f9 forti, gambe leggere e un viso pi\u00f9 uniforme.<\/p>\n<hr \/>\n<p>CONTROINDICAZIONI: Ipersensibilit\u00e0 verso i singoli componenti. Non utilizzare in gravidanza e allattamento per la presenza di Bioflavonoidi da agrumi.<\/p>\n","protected":false},"featured_media":12276,"comment_status":"open","ping_status":"closed","template":"","meta":{"_acf_changed":false,"_seopress_robots_primary_cat":"none","_seopress_titles_title":"","_seopress_titles_desc":"","_seopress_robots_index":""},"tipologia":[306],"product_brand":[],"product_cat":[45,79],"product_tag":[278],"class_list":{"0":"post-12273","1":"product","2":"type-product","3":"status-publish","4":"has-post-thumbnail","6":"tipologia-tavolette","7":"product_cat-ecol-catalogo","8":"product_cat-apparato-cardio-circolatorio","9":"product_tag-fragilita-capillare","11":"first","12":"instock","13":"shipping-taxable","14":"purchasable","15":"product-type-variable"},"acf":[],"_links":{"self":[{"href":"https:\/\/ecol.it\/en\/wp-json\/wp\/v2\/product\/12273","targetHints":{"allow":["GET"]}}],"collection":[{"href":"https:\/\/ecol.it\/en\/wp-json\/wp\/v2\/product"}],"about":[{"href":"https:\/\/ecol.it\/en\/wp-json\/wp\/v2\/types\/product"}],"replies":[{"embeddable":true,"href":"https:\/\/ecol.it\/en\/wp-json\/wp\/v2\/comments?post=12273"}],"wp:featuredmedia":[{"embeddable":true,"href":"https:\/\/ecol.it\/en\/wp-json\/wp\/v2\/media\/12276"}],"wp:attachment":[{"href":"https:\/\/ecol.it\/en\/wp-json\/wp\/v2\/media?parent=12273"}],"wp:term":[{"taxonomy":"tipologia","embeddable":true,"href":"https:\/\/ecol.it\/en\/wp-json\/wp\/v2\/tipologia?post=12273"},{"taxonomy":"product_brand","embeddable":true,"href":"https:\/\/ecol.it\/en\/wp-json\/wp\/v2\/product_brand?post=12273"},{"taxonomy":"product_cat","embeddable":true,"href":"https:\/\/ecol.it\/en\/wp-json\/wp\/v2\/product_cat?post=12273"},{"taxonomy":"product_tag","embeddable":true,"href":"https:\/\/ecol.it\/en\/wp-json\/wp\/v2\/product_tag?post=12273"}],"curies":[{"name":"wp","href":"https:\/\/api.w.org\/{rel}","templated":true}]}}